{"id":6815,"date":"2025-09-16T01:14:40","date_gmt":"2025-09-16T01:14:40","guid":{"rendered":"https:\/\/adarvegardens.com\/politica-de-privacidad"},"modified":"2025-10-28T21:59:16","modified_gmt":"2025-10-28T21:59:16","slug":"privacy-policy","status":"publish","type":"page","link":"https:\/\/adarvegardens.com\/en\/privacy-policy","title":{"rendered":"Privacy Policy"},"content":{"rendered":"\t\t<div data-elementor-type=\"wp-page\" data-elementor-id=\"6815\" class=\"elementor elementor-6815 elementor-6255\" data-elementor-post-type=\"page\">\n\t\t\t\t<div class=\"elementor-element elementor-element-992a0d0 e-flex e-con-boxed e-con e-parent\" data-id=\"992a0d0\" data-element_type=\"container\">\n\t\t\t\t\t<div class=\"e-con-inner\">\n\t\t\t\t<div class=\"elementor-element elementor-element-a0dfb48 elementor-widget elementor-widget-heading\" data-id=\"a0dfb48\" data-element_type=\"widget\" data-widget_type=\"heading.default\">\n\t\t\t\t\t<h1 class=\"elementor-heading-title elementor-size-default\">Privacy Policy<\/h1>\t\t\t\t<\/div>\n\t\t\t\t<div class=\"elementor-element elementor-element-04ae0ed elementor-widget elementor-widget-text-editor\" data-id=\"04ae0ed\" data-element_type=\"widget\" data-widget_type=\"text-editor.default\">\n\t\t\t\t\t\t\t\t\t<p>En <strong>ADARVE JARDINES Y PAISAJISMO S.L. <\/strong>tratamos los datos personales que el usuario facilite a trav\u00e9s de los formularios del sitio web con las siguientes finalidades:<\/p><ul><li><strong>Formulario<\/strong> <strong>de<\/strong> <strong>contacto:<\/strong> responder a las solicitudes de informaci\u00f3n, presupuestos o consultas relacionadas con los servicios<\/li><li><strong>Comunicaci\u00f3n comercial: <\/strong>si el usuario lo autoriza expresamente, enviar informaci\u00f3n sobre novedades, promociones o servicios relacionados con la actividad de la empresa.<\/li><li><strong>Mejora de la experiencia de usuario y an\u00e1lisis web: <\/strong>mediante el uso de herramientas de an\u00e1lisis como <strong>Google Analytics <\/strong>y <strong>Google Search Console<\/strong>, que recopilan datos estad\u00edsticos de navegaci\u00f3n (n\u00famero de visitas, p\u00e1ginas vistas, tiempo de permanencia, origen del tr\u00e1fico, ) de forma an\u00f3nima y con fines puramente anal\u00edticos.<\/li><\/ul><p>Los datos personales se conservar\u00e1n durante el tiempo necesario para atender la solicitud o consulta realizada, y mientras exista una relaci\u00f3n comercial o de inter\u00e9s mutuo. Posteriormente ser\u00e1n eliminados de forma segura.<\/p><p>Los datos personales no ser\u00e1n cedidos a terceros, salvo obligaci\u00f3n legal o en los siguientes casos:<\/p><p><strong>Servicios de an\u00e1lisis web: <\/strong>Google Analytics y Google Search Console, herramientas proporcionadas por Google LLC (proveedor con sede en EE. UU. y adherido al marco de privacidad \u201cEU-U.S. Data Privacy Framework\u201d).<\/p><p>Estas herramientas recopilan informaci\u00f3n de manera an\u00f3nima y no permiten identificar directamente a los usuarios.<\/p><p>ADARVE JARDINES Y PAISAJISMO S.L. adopta las medidas t\u00e9cnicas y organizativas necesarias para garantizar la seguridad de los datos personales y evitar su alteraci\u00f3n, p\u00e9rdida, tratamiento o acceso no autorizado.<\/p>\t\t\t\t\t\t\t\t<\/div>\n\t\t\t\t\t<\/div>\n\t\t\t\t<\/div>\n\t\t\t\t<\/div>\n\t\t","protected":false},"excerpt":{"rendered":"<p>En ADARVE JARDINES Y PAISAJISMO S.L. tratamos los datos personales que el usuario facilite a trav\u00e9s de los formularios del sitio web con las siguientes finalidades: Formulario de contacto: responder a las solicitudes de informaci\u00f3n, presupuestos o consultas relacionadas con los servicios Comunicaci\u00f3n comercial: si el usuario lo autoriza expresamente, enviar informaci\u00f3n sobre novedades, promociones&#8230;<\/p>\n","protected":false},"author":1,"featured_media":0,"parent":0,"menu_order":0,"comment_status":"closed","ping_status":"closed","template":"","meta":{"_acf_changed":false,"footnotes":""},"class_list":["post-6815","page","type-page","status-publish","hentry"],"acf":[],"yoast_head":"<!-- This site is optimized with the Yoast SEO plugin v26.5 - https:\/\/yoast.com\/wordpress\/plugins\/seo\/ -->\n<title>Privacy Policy - Adarve Gardens<\/title>\n<meta name=\"robots\" content=\"index, follow, max-snippet:-1, max-image-preview:large, max-video-preview:-1\" \/>\n<link rel=\"canonical\" href=\"https:\/\/adarvegardens.com\/en\/privacy-policy\" \/>\n<meta property=\"og:locale\" content=\"en_US\" \/>\n<meta property=\"og:type\" content=\"article\" \/>\n<meta property=\"og:title\" content=\"Privacy Policy - Adarve Gardens\" \/>\n<meta property=\"og:description\" content=\"En ADARVE JARDINES Y PAISAJISMO S.L. tratamos los datos personales que el usuario facilite a trav\u00e9s de los formularios del sitio web con las siguientes finalidades: Formulario de contacto: responder a las solicitudes de informaci\u00f3n, presupuestos o consultas relacionadas con los servicios Comunicaci\u00f3n comercial: si el usuario lo autoriza expresamente, enviar informaci\u00f3n sobre novedades, promociones...\" \/>\n<meta property=\"og:url\" content=\"https:\/\/adarvegardens.com\/en\/privacy-policy\" \/>\n<meta property=\"og:site_name\" content=\"Adarve Gardens\" \/>\n<meta property=\"article:modified_time\" content=\"2025-10-28T21:59:16+00:00\" \/>\n<meta name=\"twitter:card\" content=\"summary_large_image\" \/>\n<meta name=\"twitter:label1\" content=\"Est. reading time\" \/>\n\t<meta name=\"twitter:data1\" content=\"2 minutes\" \/>\n<script type=\"application\/ld+json\" class=\"yoast-schema-graph\">{\"@context\":\"https:\/\/schema.org\",\"@graph\":[{\"@type\":\"WebPage\",\"@id\":\"https:\/\/adarvegardens.com\/en\/privacy-policy\",\"url\":\"https:\/\/adarvegardens.com\/en\/privacy-policy\",\"name\":\"Privacy Policy - Adarve Gardens\",\"isPartOf\":{\"@id\":\"https:\/\/adarvegardens.com\/en#website\"},\"datePublished\":\"2025-09-16T01:14:40+00:00\",\"dateModified\":\"2025-10-28T21:59:16+00:00\",\"breadcrumb\":{\"@id\":\"https:\/\/adarvegardens.com\/en\/privacy-policy#breadcrumb\"},\"inLanguage\":\"en-US\",\"potentialAction\":[{\"@type\":\"ReadAction\",\"target\":[\"https:\/\/adarvegardens.com\/en\/privacy-policy\"]}]},{\"@type\":\"BreadcrumbList\",\"@id\":\"https:\/\/adarvegardens.com\/en\/privacy-policy#breadcrumb\",\"itemListElement\":[{\"@type\":\"ListItem\",\"position\":1,\"name\":\"Portada\",\"item\":\"https:\/\/adarvegardens.com\/en\"},{\"@type\":\"ListItem\",\"position\":2,\"name\":\"Privacy Policy\"}]},{\"@type\":\"WebSite\",\"@id\":\"https:\/\/adarvegardens.com\/en#website\",\"url\":\"https:\/\/adarvegardens.com\/en\",\"name\":\"Adarve Gardens\",\"description\":\"\",\"publisher\":{\"@id\":\"https:\/\/adarvegardens.com\/en#organization\"},\"potentialAction\":[{\"@type\":\"SearchAction\",\"target\":{\"@type\":\"EntryPoint\",\"urlTemplate\":\"https:\/\/adarvegardens.com\/en?s={search_term_string}\"},\"query-input\":{\"@type\":\"PropertyValueSpecification\",\"valueRequired\":true,\"valueName\":\"search_term_string\"}}],\"inLanguage\":\"en-US\"},{\"@type\":\"Organization\",\"@id\":\"https:\/\/adarvegardens.com\/en#organization\",\"name\":\"Adarve Gardens\",\"url\":\"https:\/\/adarvegardens.com\/en\",\"logo\":{\"@type\":\"ImageObject\",\"inLanguage\":\"en-US\",\"@id\":\"https:\/\/adarvegardens.com\/en#\/schema\/logo\/image\/\",\"url\":\"https:\/\/adarvegardens.com\/wp-content\/uploads\/2025\/10\/garden_maintenance_costa_del_sol-2.png\",\"contentUrl\":\"https:\/\/adarvegardens.com\/wp-content\/uploads\/2025\/10\/garden_maintenance_costa_del_sol-2.png\",\"width\":379,\"height\":288,\"caption\":\"Adarve Gardens\"},\"image\":{\"@id\":\"https:\/\/adarvegardens.com\/en#\/schema\/logo\/image\/\"}}]}<\/script>\n<!-- \/ Yoast SEO plugin. -->","yoast_head_json":{"title":"Privacy Policy - Adarve Gardens","robots":{"index":"index","follow":"follow","max-snippet":"max-snippet:-1","max-image-preview":"max-image-preview:large","max-video-preview":"max-video-preview:-1"},"canonical":"https:\/\/adarvegardens.com\/en\/privacy-policy","og_locale":"en_US","og_type":"article","og_title":"Privacy Policy - Adarve Gardens","og_description":"En ADARVE JARDINES Y PAISAJISMO S.L. tratamos los datos personales que el usuario facilite a trav\u00e9s de los formularios del sitio web con las siguientes finalidades: Formulario de contacto: responder a las solicitudes de informaci\u00f3n, presupuestos o consultas relacionadas con los servicios Comunicaci\u00f3n comercial: si el usuario lo autoriza expresamente, enviar informaci\u00f3n sobre novedades, promociones...","og_url":"https:\/\/adarvegardens.com\/en\/privacy-policy","og_site_name":"Adarve Gardens","article_modified_time":"2025-10-28T21:59:16+00:00","twitter_card":"summary_large_image","twitter_misc":{"Est. reading time":"2 minutes"},"schema":{"@context":"https:\/\/schema.org","@graph":[{"@type":"WebPage","@id":"https:\/\/adarvegardens.com\/en\/privacy-policy","url":"https:\/\/adarvegardens.com\/en\/privacy-policy","name":"Privacy Policy - Adarve Gardens","isPartOf":{"@id":"https:\/\/adarvegardens.com\/en#website"},"datePublished":"2025-09-16T01:14:40+00:00","dateModified":"2025-10-28T21:59:16+00:00","breadcrumb":{"@id":"https:\/\/adarvegardens.com\/en\/privacy-policy#breadcrumb"},"inLanguage":"en-US","potentialAction":[{"@type":"ReadAction","target":["https:\/\/adarvegardens.com\/en\/privacy-policy"]}]},{"@type":"BreadcrumbList","@id":"https:\/\/adarvegardens.com\/en\/privacy-policy#breadcrumb","itemListElement":[{"@type":"ListItem","position":1,"name":"Portada","item":"https:\/\/adarvegardens.com\/en"},{"@type":"ListItem","position":2,"name":"Privacy Policy"}]},{"@type":"WebSite","@id":"https:\/\/adarvegardens.com\/en#website","url":"https:\/\/adarvegardens.com\/en","name":"Adarve Gardens","description":"","publisher":{"@id":"https:\/\/adarvegardens.com\/en#organization"},"potentialAction":[{"@type":"SearchAction","target":{"@type":"EntryPoint","urlTemplate":"https:\/\/adarvegardens.com\/en?s={search_term_string}"},"query-input":{"@type":"PropertyValueSpecification","valueRequired":true,"valueName":"search_term_string"}}],"inLanguage":"en-US"},{"@type":"Organization","@id":"https:\/\/adarvegardens.com\/en#organization","name":"Adarve Gardens","url":"https:\/\/adarvegardens.com\/en","logo":{"@type":"ImageObject","inLanguage":"en-US","@id":"https:\/\/adarvegardens.com\/en#\/schema\/logo\/image\/","url":"https:\/\/adarvegardens.com\/wp-content\/uploads\/2025\/10\/garden_maintenance_costa_del_sol-2.png","contentUrl":"https:\/\/adarvegardens.com\/wp-content\/uploads\/2025\/10\/garden_maintenance_costa_del_sol-2.png","width":379,"height":288,"caption":"Adarve Gardens"},"image":{"@id":"https:\/\/adarvegardens.com\/en#\/schema\/logo\/image\/"}}]}},"_links":{"self":[{"href":"https:\/\/adarvegardens.com\/en\/wp-json\/wp\/v2\/pages\/6815","targetHints":{"allow":["GET"]}}],"collection":[{"href":"https:\/\/adarvegardens.com\/en\/wp-json\/wp\/v2\/pages"}],"about":[{"href":"https:\/\/adarvegardens.com\/en\/wp-json\/wp\/v2\/types\/page"}],"author":[{"embeddable":true,"href":"https:\/\/adarvegardens.com\/en\/wp-json\/wp\/v2\/users\/1"}],"replies":[{"embeddable":true,"href":"https:\/\/adarvegardens.com\/en\/wp-json\/wp\/v2\/comments?post=6815"}],"version-history":[{"count":2,"href":"https:\/\/adarvegardens.com\/en\/wp-json\/wp\/v2\/pages\/6815\/revisions"}],"predecessor-version":[{"id":6822,"href":"https:\/\/adarvegardens.com\/en\/wp-json\/wp\/v2\/pages\/6815\/revisions\/6822"}],"wp:attachment":[{"href":"https:\/\/adarvegardens.com\/en\/wp-json\/wp\/v2\/media?parent=6815"}],"curies":[{"name":"wp","href":"https:\/\/api.w.org\/{rel}","templated":true}]}}