{"id":6816,"date":"2025-09-16T01:20:42","date_gmt":"2025-09-16T01:20:42","guid":{"rendered":"https:\/\/adarvegardens.com\/aviso-legal"},"modified":"2025-10-28T21:58:51","modified_gmt":"2025-10-28T21:58:51","slug":"legal-notice","status":"publish","type":"page","link":"https:\/\/adarvegardens.com\/en\/legal-notice","title":{"rendered":"Legal Notice"},"content":{"rendered":"\t\t<div data-elementor-type=\"wp-page\" data-elementor-id=\"6816\" class=\"elementor elementor-6816 elementor-6266\" data-elementor-post-type=\"page\">\n\t\t\t\t<div class=\"elementor-element elementor-element-992a0d0 e-flex e-con-boxed e-con e-parent\" data-id=\"992a0d0\" data-element_type=\"container\">\n\t\t\t\t\t<div class=\"e-con-inner\">\n\t\t\t\t<div class=\"elementor-element elementor-element-a0dfb48 elementor-widget elementor-widget-heading\" data-id=\"a0dfb48\" data-element_type=\"widget\" data-widget_type=\"heading.default\">\n\t\t\t\t\t<h1 class=\"elementor-heading-title elementor-size-default\">Legal Notice<\/h1>\t\t\t\t<\/div>\n\t\t\t\t<div class=\"elementor-element elementor-element-04ae0ed elementor-widget elementor-widget-text-editor\" data-id=\"04ae0ed\" data-element_type=\"widget\" data-widget_type=\"text-editor.default\">\n\t\t\t\t\t\t\t\t\t<h2>1. Datos identificativos<\/h2><p>En cumplimiento con el deber de informaci\u00f3n recogido en el art\u00edculo 10 de la Ley 34\/2002, de 11 de julio, de <strong>Servicios de la Sociedad de la Informaci\u00f3n y del Comercio Electr\u00f3nico (LSSI-CE)<\/strong>, se facilitan a continuaci\u00f3n los siguientes datos de la empresa titular del sitio web:<\/p><p><strong>Titular:<\/strong> ADARVE JARDINES Y PAISAJISMO S.L.<\/p><p><strong>NIF:<\/strong> B-92154863<\/p><p><strong>Domicilio<\/strong> <strong>social:<\/strong> Camino Loma de Retamar 16B, 29679 Benahav\u00eds (M\u00e1laga), Espa\u00f1a<\/p><p><strong>Tel\u00e9fono:<\/strong> 652 426 851<\/p><p><strong>Correo<\/strong> <strong>electr\u00f3nico:<\/strong> <a href=\"mailto:beatrice@beatriceperlac.es\">beatrice@beatriceperlac.es<\/a><\/p><p><strong>Sitio<\/strong> <strong>web:<\/strong> <a href=\"http:\/\/www.adarvejardines.com\/\">www.adarvejardines.com<\/a><\/p><h2>2.\u00a0 Objeto<\/h2><p>El presente sitio web tiene por objeto proporcionar al p\u00fablico informaci\u00f3n general sobre los servicios de <strong>dise\u00f1o, construcci\u00f3n y mantenimiento de jardines y paisajismo <\/strong>ofrecidos por ADARVE JARDINES Y PAISAJISMO S.L.<\/p><h2>3.\u00a0 Condiciones de uso<\/h2><p>El acceso y uso del sitio web atribuye la condici\u00f3n de <strong>usuario<\/strong>, lo que implica la aceptaci\u00f3n plena y sin reservas de todas las disposiciones incluidas en este Aviso Legal en la versi\u00f3n publicada en el momento del acceso.<\/p><p>El usuario se compromete a hacer un uso adecuado de los contenidos y servicios que ofrece el sitio web y a no emplearlos para actividades il\u00edcitas, ilegales o contrarias a la buena fe y al orden p\u00fablico.<\/p><h2>4.\u00a0 Propiedad intelectual e industrial<\/h2><p>Todos los contenidos del sitio web (textos, im\u00e1genes, logotipos, dise\u00f1o, c\u00f3digo fuente, etc.) son titularidad de <strong>ADARVE JARDINES Y PAISAJISMO S.L. <\/strong>o de sus leg\u00edtimos titulares, estando protegidos por la normativa de <strong>propiedad intelectual e industrial<\/strong>.<\/p><p>Queda prohibida su reproducci\u00f3n, distribuci\u00f3n o comunicaci\u00f3n p\u00fablica sin la autorizaci\u00f3n expresa del titular.<\/p><h2>5.\u00a0 Responsabilidad<\/h2><p>ADARVE JARDINES Y PAISAJISMO S.L. no se hace responsable de los posibles errores u omisiones en los contenidos del sitio ni del uso indebido que los usuarios puedan hacer de la informaci\u00f3n o de los enlaces externos que pudieran contener.<\/p><h2>6.\u00a0 Legislaci\u00f3n aplicable y jurisdicci\u00f3n<\/h2><p><strong>\u00a0<\/strong>La relaci\u00f3n entre ADARVE JARDINES Y PAISAJISMO S.L. y el usuario se regir\u00e1 por la normativa espa\u00f1ola vigente, y cualquier controversia se someter\u00e1 a los <strong>Juzgados y Tribunales de M\u00e1laga<\/strong>, salvo que la ley disponga otro fuero.<\/p>\t\t\t\t\t\t\t\t<\/div>\n\t\t\t\t\t<\/div>\n\t\t\t\t<\/div>\n\t\t\t\t<\/div>\n\t\t","protected":false},"excerpt":{"rendered":"<p>1. Datos identificativos En cumplimiento con el deber de informaci\u00f3n recogido en el art\u00edculo 10 de la Ley 34\/2002, de 11 de julio, de Servicios de la Sociedad de la Informaci\u00f3n y del Comercio Electr\u00f3nico (LSSI-CE), se facilitan a continuaci\u00f3n los siguientes datos de la empresa titular del sitio web: Titular: ADARVE JARDINES Y PAISAJISMO&#8230;<\/p>\n","protected":false},"author":1,"featured_media":0,"parent":0,"menu_order":0,"comment_status":"closed","ping_status":"closed","template":"","meta":{"_acf_changed":false,"footnotes":""},"class_list":["post-6816","page","type-page","status-publish","hentry"],"acf":[],"yoast_head":"<!-- This site is optimized with the Yoast SEO plugin v26.5 - https:\/\/yoast.com\/wordpress\/plugins\/seo\/ -->\n<title>Legal Notice - Adarve Gardens<\/title>\n<meta name=\"robots\" content=\"index, follow, max-snippet:-1, max-image-preview:large, max-video-preview:-1\" \/>\n<link rel=\"canonical\" href=\"https:\/\/adarvegardens.com\/en\/legal-notice\" \/>\n<meta property=\"og:locale\" content=\"en_US\" \/>\n<meta property=\"og:type\" content=\"article\" \/>\n<meta property=\"og:title\" content=\"Legal Notice - Adarve Gardens\" \/>\n<meta property=\"og:description\" content=\"1. Datos identificativos En cumplimiento con el deber de informaci\u00f3n recogido en el art\u00edculo 10 de la Ley 34\/2002, de 11 de julio, de Servicios de la Sociedad de la Informaci\u00f3n y del Comercio Electr\u00f3nico (LSSI-CE), se facilitan a continuaci\u00f3n los siguientes datos de la empresa titular del sitio web: Titular: ADARVE JARDINES Y PAISAJISMO...\" \/>\n<meta property=\"og:url\" content=\"https:\/\/adarvegardens.com\/en\/legal-notice\" \/>\n<meta property=\"og:site_name\" content=\"Adarve Gardens\" \/>\n<meta property=\"article:modified_time\" content=\"2025-10-28T21:58:51+00:00\" \/>\n<meta name=\"twitter:card\" content=\"summary_large_image\" \/>\n<meta name=\"twitter:label1\" content=\"Est. reading time\" \/>\n\t<meta name=\"twitter:data1\" content=\"2 minutes\" \/>\n<script type=\"application\/ld+json\" class=\"yoast-schema-graph\">{\"@context\":\"https:\/\/schema.org\",\"@graph\":[{\"@type\":\"WebPage\",\"@id\":\"https:\/\/adarvegardens.com\/en\/legal-notice\",\"url\":\"https:\/\/adarvegardens.com\/en\/legal-notice\",\"name\":\"Legal Notice - Adarve Gardens\",\"isPartOf\":{\"@id\":\"https:\/\/adarvegardens.com\/en#website\"},\"datePublished\":\"2025-09-16T01:20:42+00:00\",\"dateModified\":\"2025-10-28T21:58:51+00:00\",\"breadcrumb\":{\"@id\":\"https:\/\/adarvegardens.com\/en\/legal-notice#breadcrumb\"},\"inLanguage\":\"en-US\",\"potentialAction\":[{\"@type\":\"ReadAction\",\"target\":[\"https:\/\/adarvegardens.com\/en\/legal-notice\"]}]},{\"@type\":\"BreadcrumbList\",\"@id\":\"https:\/\/adarvegardens.com\/en\/legal-notice#breadcrumb\",\"itemListElement\":[{\"@type\":\"ListItem\",\"position\":1,\"name\":\"Portada\",\"item\":\"https:\/\/adarvegardens.com\/en\"},{\"@type\":\"ListItem\",\"position\":2,\"name\":\"Legal Notice\"}]},{\"@type\":\"WebSite\",\"@id\":\"https:\/\/adarvegardens.com\/en#website\",\"url\":\"https:\/\/adarvegardens.com\/en\",\"name\":\"Adarve Gardens\",\"description\":\"\",\"publisher\":{\"@id\":\"https:\/\/adarvegardens.com\/en#organization\"},\"potentialAction\":[{\"@type\":\"SearchAction\",\"target\":{\"@type\":\"EntryPoint\",\"urlTemplate\":\"https:\/\/adarvegardens.com\/en?s={search_term_string}\"},\"query-input\":{\"@type\":\"PropertyValueSpecification\",\"valueRequired\":true,\"valueName\":\"search_term_string\"}}],\"inLanguage\":\"en-US\"},{\"@type\":\"Organization\",\"@id\":\"https:\/\/adarvegardens.com\/en#organization\",\"name\":\"Adarve Gardens\",\"url\":\"https:\/\/adarvegardens.com\/en\",\"logo\":{\"@type\":\"ImageObject\",\"inLanguage\":\"en-US\",\"@id\":\"https:\/\/adarvegardens.com\/en#\/schema\/logo\/image\/\",\"url\":\"https:\/\/adarvegardens.com\/wp-content\/uploads\/2025\/10\/garden_maintenance_costa_del_sol-2.png\",\"contentUrl\":\"https:\/\/adarvegardens.com\/wp-content\/uploads\/2025\/10\/garden_maintenance_costa_del_sol-2.png\",\"width\":379,\"height\":288,\"caption\":\"Adarve Gardens\"},\"image\":{\"@id\":\"https:\/\/adarvegardens.com\/en#\/schema\/logo\/image\/\"}}]}<\/script>\n<!-- \/ Yoast SEO plugin. -->","yoast_head_json":{"title":"Legal Notice - Adarve Gardens","robots":{"index":"index","follow":"follow","max-snippet":"max-snippet:-1","max-image-preview":"max-image-preview:large","max-video-preview":"max-video-preview:-1"},"canonical":"https:\/\/adarvegardens.com\/en\/legal-notice","og_locale":"en_US","og_type":"article","og_title":"Legal Notice - Adarve Gardens","og_description":"1. Datos identificativos En cumplimiento con el deber de informaci\u00f3n recogido en el art\u00edculo 10 de la Ley 34\/2002, de 11 de julio, de Servicios de la Sociedad de la Informaci\u00f3n y del Comercio Electr\u00f3nico (LSSI-CE), se facilitan a continuaci\u00f3n los siguientes datos de la empresa titular del sitio web: Titular: ADARVE JARDINES Y PAISAJISMO...","og_url":"https:\/\/adarvegardens.com\/en\/legal-notice","og_site_name":"Adarve Gardens","article_modified_time":"2025-10-28T21:58:51+00:00","twitter_card":"summary_large_image","twitter_misc":{"Est. reading time":"2 minutes"},"schema":{"@context":"https:\/\/schema.org","@graph":[{"@type":"WebPage","@id":"https:\/\/adarvegardens.com\/en\/legal-notice","url":"https:\/\/adarvegardens.com\/en\/legal-notice","name":"Legal Notice - Adarve Gardens","isPartOf":{"@id":"https:\/\/adarvegardens.com\/en#website"},"datePublished":"2025-09-16T01:20:42+00:00","dateModified":"2025-10-28T21:58:51+00:00","breadcrumb":{"@id":"https:\/\/adarvegardens.com\/en\/legal-notice#breadcrumb"},"inLanguage":"en-US","potentialAction":[{"@type":"ReadAction","target":["https:\/\/adarvegardens.com\/en\/legal-notice"]}]},{"@type":"BreadcrumbList","@id":"https:\/\/adarvegardens.com\/en\/legal-notice#breadcrumb","itemListElement":[{"@type":"ListItem","position":1,"name":"Portada","item":"https:\/\/adarvegardens.com\/en"},{"@type":"ListItem","position":2,"name":"Legal Notice"}]},{"@type":"WebSite","@id":"https:\/\/adarvegardens.com\/en#website","url":"https:\/\/adarvegardens.com\/en","name":"Adarve Gardens","description":"","publisher":{"@id":"https:\/\/adarvegardens.com\/en#organization"},"potentialAction":[{"@type":"SearchAction","target":{"@type":"EntryPoint","urlTemplate":"https:\/\/adarvegardens.com\/en?s={search_term_string}"},"query-input":{"@type":"PropertyValueSpecification","valueRequired":true,"valueName":"search_term_string"}}],"inLanguage":"en-US"},{"@type":"Organization","@id":"https:\/\/adarvegardens.com\/en#organization","name":"Adarve Gardens","url":"https:\/\/adarvegardens.com\/en","logo":{"@type":"ImageObject","inLanguage":"en-US","@id":"https:\/\/adarvegardens.com\/en#\/schema\/logo\/image\/","url":"https:\/\/adarvegardens.com\/wp-content\/uploads\/2025\/10\/garden_maintenance_costa_del_sol-2.png","contentUrl":"https:\/\/adarvegardens.com\/wp-content\/uploads\/2025\/10\/garden_maintenance_costa_del_sol-2.png","width":379,"height":288,"caption":"Adarve Gardens"},"image":{"@id":"https:\/\/adarvegardens.com\/en#\/schema\/logo\/image\/"}}]}},"_links":{"self":[{"href":"https:\/\/adarvegardens.com\/en\/wp-json\/wp\/v2\/pages\/6816","targetHints":{"allow":["GET"]}}],"collection":[{"href":"https:\/\/adarvegardens.com\/en\/wp-json\/wp\/v2\/pages"}],"about":[{"href":"https:\/\/adarvegardens.com\/en\/wp-json\/wp\/v2\/types\/page"}],"author":[{"embeddable":true,"href":"https:\/\/adarvegardens.com\/en\/wp-json\/wp\/v2\/users\/1"}],"replies":[{"embeddable":true,"href":"https:\/\/adarvegardens.com\/en\/wp-json\/wp\/v2\/comments?post=6816"}],"version-history":[{"count":2,"href":"https:\/\/adarvegardens.com\/en\/wp-json\/wp\/v2\/pages\/6816\/revisions"}],"predecessor-version":[{"id":6820,"href":"https:\/\/adarvegardens.com\/en\/wp-json\/wp\/v2\/pages\/6816\/revisions\/6820"}],"wp:attachment":[{"href":"https:\/\/adarvegardens.com\/en\/wp-json\/wp\/v2\/media?parent=6816"}],"curies":[{"name":"wp","href":"https:\/\/api.w.org\/{rel}","templated":true}]}}